{"id":6915,"date":"2022-01-16T17:46:20","date_gmt":"2022-01-16T14:46:20","guid":{"rendered":"https:\/\/www.oycyazilim.com.tr\/contact\/"},"modified":"2022-04-11T13:12:56","modified_gmt":"2022-04-11T10:12:56","slug":"contact","status":"publish","type":"page","link":"https:\/\/www.oycyazilim.com.tr\/en\/contact\/","title":{"rendered":"Contact"},"content":{"rendered":"\t\t<div data-elementor-type=\"wp-page\" data-elementor-id=\"6915\" class=\"elementor elementor-6915\" data-elementor-post-type=\"page\">\n\t\t\t\t\t\t<section class=\"elementor-section elementor-top-section elementor-element elementor-element-f91a4d1 elementor-section-boxed elementor-section-height-default elementor-section-height-default\" data-id=\"f91a4d1\" data-element_type=\"section\">\n\t\t\t\t\t\t<div class=\"elementor-container elementor-column-gap-wider\">\n\t\t\t\t\t<div class=\"elementor-column elementor-col-50 elementor-top-column elementor-element elementor-element-a91894d\" data-id=\"a91894d\" data-element_type=\"column\">\n\t\t\t<div class=\"elementor-widget-wrap elementor-element-populated\">\n\t\t\t\t\t\t<div class=\"elementor-element elementor-element-439d422 elementor-widget elementor-widget-rakon-contact-box-v1\" data-id=\"439d422\" data-element_type=\"widget\" data-widget_type=\"rakon-contact-box-v1.default\">\n\t\t\t\t<div class=\"elementor-widget-container\">\n\t\t\t\t\t \r\n          <div class=\"sec__office_location with_map_office type_two contact_box_section\"  >\r\n        <div class=\"block_map_locat\">\r\n            <div class=\"block_loaction\">\r\n\r\n                                <div class=\"title\">\r\n                    OYC YAZILIM VE B\u0130L\u0130\u015e\u0130M S\u0130STEMLER\u0130 LTD.\u015eT\u0130                <\/div>\r\n                \r\n                <div class=\"item_locat\">\r\n\r\n                                        <p class=\"add_ress\">\r\n                        Bar\u0131\u015f Mahallesi Belediye Caddesi No:30 Ginza Lavinya Park Sitesi B Blok Ofis 105 Kat 3 Beylikd\u00fcz\u00fc \/ \u0130STANBUL                    <\/p>\r\n                    \r\n                                        <div class=\"iconbox\">\r\n                        <img decoding=\"async\" src=\"https:\/\/www.oycyazilim.com.tr\/wp-content\/uploads\/2021\/04\/cropped-aludata-favicon.png\" class=\"img-fluid svg_image\" alt=\"icon png\" title=\"\">\r\n                    <\/div>\r\n                                        \r\n                                        <div class=\"availability\">\r\n                        <span>Working hours<\/span>\r\n                        <p>\r\n                            (Pzt-Cts) 09:00 - 17:00                        <\/p>\r\n                    <\/div>\r\n                                                            <div class=\"availability\">\r\n                        <span>Phone number<\/span>\r\n                        <a href=\"tel:+90-212-951-04-46\" class=\"c-blue\">\r\n                            +90-212-951-04-46                        <\/a>\r\n                    <\/div>\r\n                                                            <div class=\"availability\">\r\n                        <span>Email address<\/span>\r\n                        <a href=\"mailto:info@oycyazilim.com.tr\" class=\"c-blue\">\r\n                            info@oycyazilim.com.tr                        <\/a>\r\n                    <\/div>\r\n                                    <\/div>\r\n            <\/div>\r\n        <\/div>\r\n    <\/div>\r\n    \r\n                \t\t\t\t<\/div>\n\t\t\t\t<\/div>\n\t\t\t\t\t<\/div>\n\t\t<\/div>\n\t\t\t\t<div class=\"elementor-column elementor-col-25 elementor-top-column elementor-element elementor-element-3bc159a elementor-hidden-tablet elementor-hidden-mobile\" data-id=\"3bc159a\" data-element_type=\"column\">\n\t\t\t<div class=\"elementor-widget-wrap\">\n\t\t\t\t\t\t\t<\/div>\n\t\t<\/div>\n\t\t\t\t<div class=\"elementor-column elementor-col-25 elementor-top-column elementor-element elementor-element-7dfb6c0\" data-id=\"7dfb6c0\" data-element_type=\"column\">\n\t\t\t<div class=\"elementor-widget-wrap elementor-element-populated\">\n\t\t\t\t\t\t<div class=\"elementor-element elementor-element-75ea606 elementor-widget elementor-widget-rakon-contact-form-v1\" data-id=\"75ea606\" data-element_type=\"widget\" data-widget_type=\"rakon-contact-form-v1.default\">\n\t\t\t\t<div class=\"elementor-widget-container\">\n\t\t\t\t\t\r\n\r\n\r\n            <!-- Start section_contact_four -->\r\n            <section class=\"contact_form_box_all type_one\">\r\n\r\n<div class=\"row justify-content-center\">\r\n    <div class=\"col-lg-12\">\r\n        <div class=\"form_cc_four\">\r\n                <div class=\"contact_form_shortcode\">\r\n                    \n<div class=\"wpcf7 no-js\" id=\"wpcf7-f7210-o1\" lang=\"tr-TR\" dir=\"ltr\" data-wpcf7-id=\"7210\">\n<div class=\"screen-reader-response\"><p role=\"status\" aria-live=\"polite\" aria-atomic=\"true\"><\/p> <ul><\/ul><\/div>\n<form action=\"\/en\/wp-json\/wp\/v2\/pages\/6915#wpcf7-f7210-o1\" method=\"post\" class=\"wpcf7-form init\" aria-label=\"\u0130leti\u015fim Formu\" novalidate=\"novalidate\" data-status=\"init\">\n<fieldset class=\"hidden-fields-container\"><input type=\"hidden\" name=\"_wpcf7\" value=\"7210\" \/><input type=\"hidden\" name=\"_wpcf7_version\" value=\"6.1.4\" \/><input type=\"hidden\" name=\"_wpcf7_locale\" value=\"tr_TR\" \/><input type=\"hidden\" name=\"_wpcf7_unit_tag\" value=\"wpcf7-f7210-o1\" \/><input type=\"hidden\" name=\"_wpcf7_container_post\" value=\"0\" \/><input type=\"hidden\" name=\"_wpcf7_posted_data_hash\" value=\"\" \/>\n<\/fieldset>\n<div class=\"row\">\n\t<div class=\"col-lg-12\">\n\t\t<p><label>Your Name<\/label><br \/>\n<span class=\"wpcf7-form-control-wrap\" data-name=\"your-name\"><input size=\"40\" maxlength=\"400\" class=\"wpcf7-form-control wpcf7-text wpcf7-validates-as-required\" aria-required=\"true\" aria-invalid=\"false\" placeholder=\"\u00f6rn. Mehmet Akan\" value=\"\" type=\"text\" name=\"your-name\" \/><\/span>\n\t\t<\/p>\n\t<\/div>\n\t<div class=\"col-lg-12\">\n\t\t<p><label>Your Email<\/label><br \/>\n<span class=\"wpcf7-form-control-wrap\" data-name=\"your-email\"><input size=\"40\" maxlength=\"400\" class=\"wpcf7-form-control wpcf7-email wpcf7-validates-as-required wpcf7-text wpcf7-validates-as-email\" aria-required=\"true\" aria-invalid=\"false\" placeholder=\"\u00f6rn. mehmet@mail.com\" value=\"\" type=\"email\" name=\"your-email\" \/><\/span>\n\t\t<\/p>\n\t<\/div>\n\t<div class=\"col-lg-12\">\n\t\t<p><label>Your Phone<\/label><br \/>\n<span class=\"wpcf7-form-control-wrap\" data-name=\"your-tel\"><input size=\"40\" maxlength=\"400\" class=\"wpcf7-form-control wpcf7-tel wpcf7-validates-as-required wpcf7-text wpcf7-validates-as-tel\" aria-required=\"true\" aria-invalid=\"false\" placeholder=\"\u00f6rn. 053XXXXXXXX\" value=\"\" type=\"tel\" name=\"your-tel\" \/><\/span>\n\t\t<\/p>\n\t<\/div>\n\t<div class=\"col-lg-12\">\n\t\t<p><label>Your Message <span class=\"c-gray font-s-13\">(optional)<\/span><\/label><br \/>\n<span class=\"wpcf7-form-control-wrap\" data-name=\"your-message\"><textarea cols=\"40\" rows=\"10\" maxlength=\"2000\" class=\"wpcf7-form-control wpcf7-textarea\" aria-invalid=\"false\" placeholder=\"In order to better assist you, write down the details you can forward to us.\" name=\"your-message\"><\/textarea><\/span>\n\t\t<\/p>\n\t<\/div>\n\t<div class=\"col-lg-12\">\n\t\t<p class=\"terms_cc\"><br \/>\nBy filling out this form, you give us permission to send you an e-mail about our products or to reach you by phone. Your information will never be shared with third parties.\n\t\t<\/p>\n\t<\/div>\n\t<div class=\"col-lg-12 text-right\">\n\t\t<p><input class=\"wpcf7-form-control wpcf7-submit has-spinner\" type=\"submit\" value=\"Submit\" \/>\n\t\t<\/p>\n\t<\/div>\n<\/div><p style=\"display: none !important;\" class=\"akismet-fields-container\" data-prefix=\"_wpcf7_ak_\"><label>&#916;<textarea name=\"_wpcf7_ak_hp_textarea\" cols=\"45\" rows=\"8\" maxlength=\"100\"><\/textarea><\/label><input type=\"hidden\" id=\"ak_js_1\" name=\"_wpcf7_ak_js\" value=\"103\"\/><script>document.getElementById( \"ak_js_1\" ).setAttribute( \"value\", ( new Date() ).getTime() );<\/script><\/p><div class=\"wpcf7-response-output\" aria-hidden=\"true\"><\/div>\n<\/form>\n<\/div>\n                    <\/div>\r\n        <\/div>\r\n    <\/div>\r\n<\/div>\r\n<\/section>\r\n\r\n\r\n           \r\n\t\t\t\t\t\t<\/div>\n\t\t\t\t<\/div>\n\t\t\t\t\t<\/div>\n\t\t<\/div>\n\t\t\t\t\t<\/div>\n\t\t<\/section>\n\t\t\t\t<section class=\"elementor-section elementor-top-section elementor-element elementor-element-e0ce411 elementor-section-full_width elementor-section-height-default elementor-section-height-default\" data-id=\"e0ce411\" data-element_type=\"section\">\n\t\t\t\t\t\t<div class=\"elementor-container elementor-column-gap-no\">\n\t\t\t\t\t<div class=\"elementor-column elementor-col-100 elementor-top-column elementor-element elementor-element-dc8c0a8\" data-id=\"dc8c0a8\" data-element_type=\"column\">\n\t\t\t<div class=\"elementor-widget-wrap elementor-element-populated\">\n\t\t\t\t\t\t<div class=\"elementor-element elementor-element-36a66c1 elementor-widget elementor-widget-html\" data-id=\"36a66c1\" data-element_type=\"widget\" data-widget_type=\"html.default\">\n\t\t\t\t<div class=\"elementor-widget-container\">\n\t\t\t\t\t<iframe src=\"https:\/\/www.google.com\/maps\/embed?pb=!1m18!1m12!1m3!1d57278.77129598216!2d28.625832054594472!3d41.01771643614345!2m3!1f0!2f0!3f0!3m2!1i1024!2i768!4f13.1!3m3!1m2!1s0x14b55f7c2174840d%3A0x270c66d334d21c3c!2zT1lDIFlBWklMSU0gVkUgQsSwTMSwxZ7EsE0gU8SwU1RFTUxFUsSwIExURC7FnlTEsA!5e0!3m2!1str!2str!4v1622025025191!5m2!1str!2str\" width=\"100%\" height=\"450\" style=\"border:0;\" allowfullscreen=\"\" loading=\"lazy\"><\/iframe>\t\t\t\t<\/div>\n\t\t\t\t<\/div>\n\t\t\t\t\t<\/div>\n\t\t<\/div>\n\t\t\t\t\t<\/div>\n\t\t<\/section>\n\t\t\t\t<\/div>\n\t\t","protected":false},"excerpt":{"rendered":"<p>OYC YAZILIM VE B\u0130L\u0130\u015e\u0130M S\u0130STEMLER\u0130 LTD.\u015eT\u0130 Bar\u0131\u015f Mahallesi Belediye Caddesi No:30 Ginza Lavinya Park Sitesi B Blok Ofis 105 Kat 3 Beylikd\u00fcz\u00fc \/ \u0130STANBUL Working hours (Pzt-Cts) 09:00 &#8211; 17:00 Phone number +90-212-951-04-46 Email address info@oycyazilim.com.tr Your Name Your Email Your Phone Your Message (optional) By filling out this form, you give us permission to [&hellip;]<\/p>\n","protected":false},"author":1,"featured_media":0,"parent":0,"menu_order":0,"comment_status":"closed","ping_status":"closed","template":"template-fullwidth.php","meta":{"inline_featured_image":false,"footnotes":""},"class_list":["post-6915","page","type-page","status-publish","hentry"],"_links":{"self":[{"href":"https:\/\/www.oycyazilim.com.tr\/en\/wp-json\/wp\/v2\/pages\/6915","targetHints":{"allow":["GET"]}}],"collection":[{"href":"https:\/\/www.oycyazilim.com.tr\/en\/wp-json\/wp\/v2\/pages"}],"about":[{"href":"https:\/\/www.oycyazilim.com.tr\/en\/wp-json\/wp\/v2\/types\/page"}],"author":[{"embeddable":true,"href":"https:\/\/www.oycyazilim.com.tr\/en\/wp-json\/wp\/v2\/users\/1"}],"replies":[{"embeddable":true,"href":"https:\/\/www.oycyazilim.com.tr\/en\/wp-json\/wp\/v2\/comments?post=6915"}],"version-history":[{"count":0,"href":"https:\/\/www.oycyazilim.com.tr\/en\/wp-json\/wp\/v2\/pages\/6915\/revisions"}],"wp:attachment":[{"href":"https:\/\/www.oycyazilim.com.tr\/en\/wp-json\/wp\/v2\/media?parent=6915"}],"curies":[{"name":"wp","href":"https:\/\/api.w.org\/{rel}","templated":true}]}}